{"id":113,"date":"2021-09-25T16:49:47","date_gmt":"2021-09-25T14:49:47","guid":{"rendered":"https:\/\/cs.ip-paris.fr\/wp3\/?page_id=113"},"modified":"2021-10-06T17:53:44","modified_gmt":"2021-10-06T15:53:44","slug":"computer-networking-future-networking-architectures","status":"publish","type":"page","link":"https:\/\/cs.ip-paris.fr\/wp3\/themes\/computer-networking-future-networking-architectures\/","title":{"rendered":"Computer Networking &#038; Future Networking Architectures"},"content":{"rendered":"<p>The members of the pole address multiple facets of networking architectures\u2019 evolution. Their activities span content, information and data centric dynamic networking for distributed applications, services, systems and networks. We currently work on three main subjects.<\/p>\n<p>First, future networking architectures tend to operate today as loosely coupled, distributed and cooperative systems, and to rely more on microservices. The evolution of interfacing between all layers in the networking architectures is becoming consequently a major concern. This is especially true for layers L4 to L0 that are also constantly evolving towards distributed and disaggregated systems composed and adapted with overall awareness of applications as well as bearer availability and physical medium conditions.<\/p>\n<p>Second, we contribute actively to making the networking intelligent and capable of learning and adapting dynamically by introducing and embedding machine learning and artificial intelligence capabilities in the networking architectures. We are also active in the application of model based test generation strategies in SDN. This concerns testing SDN components in isolation, e.g., SDN switches \/ controllers, or their compositions.<\/p>\n<p>Third, the forwarding and routing of flows and packets within the infrastructures can be based on content, information, naming or addressing, with routing and forwarding combined with efficient resource optimization and management. Programmability, configuration and control of distributed networks and networking functions in the context of the \u201ccloud, SDN and NFV\u201d  trilogy is also central to this research activity with focus on dynamic services composition.<\/p>\n<p>Involved teams:<\/p>\n<ul>\n<li><a href=\"https:\/\/www.lix.polytechnique.fr\/team\/7\/view\">Epizeuxis &#8211; Epizeuxis<\/a>  <a href=\"mailto:thomas.clausen_at_polytechnique.edu\"><span style=\"display: inline-block; text-align: center; font-size: 0.9em; width: 1.4em;\"><i class=\"fa fa-envelope\" aria-hidden=\"true\"><\/i><\/span><\/a><\/li>\n<li><a href=\"https:\/\/www.telecom-paris.fr\/en\/research\/laboratories\/information-processing-and-communication-laboratory-ltci\/research-teams\/optical-telecommunications\">GTO &#8211; T\u00e9l\u00e9communications optiques<\/a>  <a href=\"mailto:cedric.ware_at_telecom-paris.fr\"><span style=\"display: inline-block; text-align: center; font-size: 0.9em; width: 1.4em;\"><i class=\"fa fa-envelope\" aria-hidden=\"true\"><\/i><\/span><\/a><\/li>\n<li><a href=\"https:\/\/samovar.telecom-sudparis.eu\/spip.php?rubrique128\">Methodes &#8211; M\u00e9thodes et mod\u00e8les pour les r\u00e9seaux<\/a>  <a href=\"mailto:tijani.chahed_at_telecom-sudparis.eu\"><span style=\"display: inline-block; text-align: center; font-size: 0.9em; width: 1.4em;\"><i class=\"fa fa-envelope\" aria-hidden=\"true\"><\/i><\/span><\/a><\/li>\n<li><a href=\"https:\/\/samovar.telecom-sudparis.eu\/spip.php?rubrique129\">R3S &#8211; R\u00e9seaux, Services, Syst\u00e8mes et S\u00e9curit\u00e9<\/a>  <a href=\"mailto:badii.jouaber_at_telecom-sudparis.eu\"><span style=\"display: inline-block; text-align: center; font-size: 0.9em; width: 1.4em;\"><i class=\"fa fa-envelope\" aria-hidden=\"true\"><\/i><\/span><\/a><\/li>\n<li><a href=\"https:\/\/nms.telecom-paristech.fr\/\">RMS &#8211; R\u00e9seaux, Mobilit\u00e9 et Services<\/a>  <a href=\"mailto:marceau.coupechoux_at_telecom-paris.fr\"><span style=\"display: inline-block; text-align: center; font-size: 0.9em; width: 1.4em;\"><i class=\"fa fa-envelope\" aria-hidden=\"true\"><\/i><\/span><\/a><\/li>\n<li><a href=\"https:\/\/team.inria.fr\/tribe\/\">Tribe &#8211; Internet Beyond the Usual<\/a>  <a href=\"mailto:aline.viana_at_inria.fr\"><span style=\"display: inline-block; text-align: center; font-size: 0.9em; width: 1.4em;\"><i class=\"fa fa-envelope\" aria-hidden=\"true\"><\/i><\/span><\/a><\/li>\n<\/ul>\n","protected":false},"excerpt":{"rendered":"<p>The members of the pole address multiple facets of networking architectures\u2019 evolution. Their activities span content, information and data centric dynamic networking for distributed applications, services, systems and networks. We currently work on three main subjects. First, future networking architectures tend to operate today as loosely coupled, distributed and cooperative systems, and to rely more [&hellip;]<\/p>\n","protected":false},"author":1,"featured_media":0,"parent":118,"menu_order":0,"comment_status":"closed","ping_status":"closed","template":"","meta":{"footnotes":""},"class_list":["post-113","page","type-page","status-publish","hentry"],"_links":{"self":[{"href":"https:\/\/cs.ip-paris.fr\/wp3\/wp-json\/wp\/v2\/pages\/113","targetHints":{"allow":["GET"]}}],"collection":[{"href":"https:\/\/cs.ip-paris.fr\/wp3\/wp-json\/wp\/v2\/pages"}],"about":[{"href":"https:\/\/cs.ip-paris.fr\/wp3\/wp-json\/wp\/v2\/types\/page"}],"author":[{"embeddable":true,"href":"https:\/\/cs.ip-paris.fr\/wp3\/wp-json\/wp\/v2\/users\/1"}],"replies":[{"embeddable":true,"href":"https:\/\/cs.ip-paris.fr\/wp3\/wp-json\/wp\/v2\/comments?post=113"}],"version-history":[{"count":8,"href":"https:\/\/cs.ip-paris.fr\/wp3\/wp-json\/wp\/v2\/pages\/113\/revisions"}],"predecessor-version":[{"id":177,"href":"https:\/\/cs.ip-paris.fr\/wp3\/wp-json\/wp\/v2\/pages\/113\/revisions\/177"}],"up":[{"embeddable":true,"href":"https:\/\/cs.ip-paris.fr\/wp3\/wp-json\/wp\/v2\/pages\/118"}],"wp:attachment":[{"href":"https:\/\/cs.ip-paris.fr\/wp3\/wp-json\/wp\/v2\/media?parent=113"}],"curies":[{"name":"wp","href":"https:\/\/api.w.org\/{rel}","templated":true}]}}