{"id":66,"date":"2021-06-05T12:41:06","date_gmt":"2021-06-05T10:41:06","guid":{"rendered":"https:\/\/cs.ip-paris.fr\/wp3\/?page_id=66"},"modified":"2021-10-06T17:52:51","modified_gmt":"2021-10-06T15:52:51","slug":"teams","status":"publish","type":"page","link":"https:\/\/cs.ip-paris.fr\/wp3\/teams\/","title":{"rendered":"Teams"},"content":{"rendered":"<style>\ntable.teams { text-align: center; }\n<\/style>\n<table class='teams'>\n<tr>\n<th>Acronym<\/th>\n<th>Name<\/th>\n<th>Institute<\/th>\n<th>Research topics<\/th>\n<th>Contact<\/th>\n<\/tr>\n<tr>\n<td><a href=\"https:\/\/aces.wp.imt.fr\/\">ACES<\/a><\/td>\n<td>Syst\u00e8mes embarqu\u00e9s critiques autonomes<\/td>\n<td>Telecom Paris<\/td>\n<td>PDS<\/td>\n<td> <a href=\"mailto:petr.kuznetsov_at_telecom-paris.fr\"><span style=\"display: inline-block; text-align: center; font-size: 0.9em; width: 1.4em;\"><i class=\"fa fa-envelope\" aria-hidden=\"true\"><\/i><\/span><\/a><\/td>\n<\/tr>\n<tr>\n<td><a href=\"http:\/\/cogrob.ensta-paris.fr\/\">ASR<\/a><\/td>\n<td>Autonomous Systems and Robotics<\/td>\n<td>ENSTA<\/td>\n<td>PDS, Cloud, IoT, Mobile<\/td>\n<td> <a href=\"mailto:omar.hammami_at_ensta-paris.fr\"><span style=\"display: inline-block; text-align: center; font-size: 0.9em; width: 1.4em;\"><i class=\"fa fa-envelope\" aria-hidden=\"true\"><\/i><\/span><\/a><\/td>\n<\/tr>\n<tr>\n<td><a href=\"https:\/\/www.telecom-paris.fr\/fr\/recherche\/laboratoires\/laboratoire-traitement-et-communication-de-linformation-ltci\/les-equipes-de-recherche\/securite-des-reseaux-ccn\">CCN<\/a><\/td>\n<td>S\u00e9curit\u00e9 des r\u00e9seaux<\/td>\n<td>Telecom Paris<\/td>\n<td>IoT, Mobile<\/td>\n<td> <a href=\"mailto:houda.labiod_at_telecom-paris.fr\"><span style=\"display: inline-block; text-align: center; font-size: 0.9em; width: 1.4em;\"><i class=\"fa fa-envelope\" aria-hidden=\"true\"><\/i><\/span><\/a><\/td>\n<\/tr>\n<tr>\n<td><a href=\"https:\/\/team.inria.fr\/cedar\/\">Cedar<\/a><\/td>\n<td>Rich Data Analytics at Cloud Scale<\/td>\n<td>X\/INRIA<\/td>\n<td>Cloud, PDS<\/td>\n<td> <a href=\"mailto:ioana.manolescu_at_inria.fr\"><span style=\"display: inline-block; text-align: center; font-size: 0.9em; width: 1.4em;\"><i class=\"fa fa-envelope\" aria-hidden=\"true\"><\/i><\/span><\/a><\/td>\n<\/tr>\n<tr>\n<td><a href=\"http:\/\/www.lix.polytechnique.fr\/cosynus\/\">Cosynus<\/a><\/td>\n<td>Cosynus<\/td>\n<td>X<\/td>\n<td>PDS<\/td>\n<td> <a href=\"mailto:samuel.mimram_at_lix.polytechnique.fr\"><span style=\"display: inline-block; text-align: center; font-size: 0.9em; width: 1.4em;\"><i class=\"fa fa-envelope\" aria-hidden=\"true\"><\/i><\/span><\/a><\/td>\n<\/tr>\n<tr>\n<td><a href=\"https:\/\/cs.ip-paris.fr\/dissem\">DiSSEM<\/a><\/td>\n<td>Distributed Systems, Software Engineering and Middleware<\/td>\n<td>Telecom SudParis<\/td>\n<td>IoT, PDS, Cloud<\/td>\n<td> <a href=\"mailto:sophie.chabridon_at_telecom-sudparis.eu\"><span style=\"display: inline-block; text-align: center; font-size: 0.9em; width: 1.4em;\"><i class=\"fa fa-envelope\" aria-hidden=\"true\"><\/i><\/span><\/a><\/td>\n<\/tr>\n<tr>\n<td><a href=\"https:\/\/www.lix.polytechnique.fr\/team\/7\/view\">Epizeuxis<\/a><\/td>\n<td>Epizeuxis<\/td>\n<td>X<\/td>\n<td>Network, IoT, Cloud<\/td>\n<td> <a href=\"mailto:thomas.clausen_at_polytechnique.edu\"><span style=\"display: inline-block; text-align: center; font-size: 0.9em; width: 1.4em;\"><i class=\"fa fa-envelope\" aria-hidden=\"true\"><\/i><\/span><\/a><\/td>\n<\/tr>\n<tr>\n<td><a href=\"https:\/\/www.telecom-paris.fr\/en\/research\/laboratories\/information-processing-and-communication-laboratory-ltci\/research-teams\/optical-telecommunications\">GTO<\/a><\/td>\n<td>T\u00e9l\u00e9communications optiques<\/td>\n<td>Telecom Paris<\/td>\n<td>Network, Quantum<\/td>\n<td> <a href=\"mailto:cedric.ware_at_telecom-paris.fr\"><span style=\"display: inline-block; text-align: center; font-size: 0.9em; width: 1.4em;\"><i class=\"fa fa-envelope\" aria-hidden=\"true\"><\/i><\/span><\/a><\/td>\n<\/tr>\n<tr>\n<td><a href=\"https:\/\/iqa.telecom-paris.fr\/\">IQA<\/a><\/td>\n<td>Information Quantique et Applications<\/td>\n<td>Telecom Paris<\/td>\n<td>Quantum<\/td>\n<td> <a href=\"mailto:romain.alleaume_at_telecom-paristech.fr\"><span style=\"display: inline-block; text-align: center; font-size: 0.9em; width: 1.4em;\"><i class=\"fa fa-envelope\" aria-hidden=\"true\"><\/i><\/span><\/a><\/td>\n<\/tr>\n<tr>\n<td><a href=\"https:\/\/samovar.telecom-sudparis.eu\/spip.php?rubrique128\">Methodes<\/a><\/td>\n<td>M\u00e9thodes et mod\u00e8les pour les r\u00e9seaux<\/td>\n<td>Telecom SudParis<\/td>\n<td>Network, IoT, Mobile, Cloud<\/td>\n<td> <a href=\"mailto:tijani.chahed_at_telecom-sudparis.eu\"><span style=\"display: inline-block; text-align: center; font-size: 0.9em; width: 1.4em;\"><i class=\"fa fa-envelope\" aria-hidden=\"true\"><\/i><\/span><\/a><\/td>\n<\/tr>\n<tr>\n<td><a href=\"https:\/\/cs.ip-paris.fr\/pds\">PDS<\/a><\/td>\n<td>Parallel and Distributed Systems<\/td>\n<td>Telecom SudParis<\/td>\n<td>PDS, Cloud<\/td>\n<td> <a href=\"mailto:gael.thomas_at_telecom-sudparis.eu\"><span style=\"display: inline-block; text-align: center; font-size: 0.9em; width: 1.4em;\"><i class=\"fa fa-envelope\" aria-hidden=\"true\"><\/i><\/span><\/a><\/td>\n<\/tr>\n<tr>\n<td><a href=\"https:\/\/samovar.telecom-sudparis.eu\/spip.php?rubrique129\">R3S<\/a><\/td>\n<td>R\u00e9seaux, Services, Syst\u00e8mes et S\u00e9curit\u00e9<\/td>\n<td>Telecom SudParis<\/td>\n<td>Network, Mobile, IoT<\/td>\n<td> <a href=\"mailto:badii.jouaber_at_telecom-sudparis.eu\"><span style=\"display: inline-block; text-align: center; font-size: 0.9em; width: 1.4em;\"><i class=\"fa fa-envelope\" aria-hidden=\"true\"><\/i><\/span><\/a><\/td>\n<\/tr>\n<tr>\n<td><a href=\"https:\/\/nms.telecom-paristech.fr\/\">RMS<\/a><\/td>\n<td>R\u00e9seaux, Mobilit\u00e9 et Services<\/td>\n<td>Telecom Paris<\/td>\n<td>Network, Mobile, IoT, Cloud<\/td>\n<td> <a href=\"mailto:marceau.coupechoux_at_telecom-paris.fr\"><span style=\"display: inline-block; text-align: center; font-size: 0.9em; width: 1.4em;\"><i class=\"fa fa-envelope\" aria-hidden=\"true\"><\/i><\/span><\/a><\/td>\n<\/tr>\n<tr>\n<td><a href=\"https:\/\/team.inria.fr\/tribe\/\">Tribe<\/a><\/td>\n<td>Internet Beyond the Usual<\/td>\n<td>X\/INRIA<\/td>\n<td>Network, Mobile, IoT, PDS<\/td>\n<td> <a href=\"mailto:aline.viana_at_inria.fr\"><span style=\"display: inline-block; text-align: center; font-size: 0.9em; width: 1.4em;\"><i class=\"fa fa-envelope\" aria-hidden=\"true\"><\/i><\/span><\/a><\/td>\n<\/tr>\n<\/table>\n","protected":false},"excerpt":{"rendered":"<p>Acronym Name Institute Research topics Contact ACES Syst\u00e8mes embarqu\u00e9s critiques autonomes Telecom Paris PDS ASR Autonomous Systems and Robotics ENSTA PDS, Cloud, IoT, Mobile CCN S\u00e9curit\u00e9 des r\u00e9seaux Telecom Paris IoT, Mobile Cedar Rich Data Analytics at Cloud Scale X\/INRIA Cloud, PDS Cosynus Cosynus X PDS DiSSEM Distributed Systems, Software Engineering and Middleware Telecom SudParis [&hellip;]<\/p>\n","protected":false},"author":1,"featured_media":0,"parent":0,"menu_order":0,"comment_status":"closed","ping_status":"closed","template":"","meta":{"footnotes":""},"class_list":["post-66","page","type-page","status-publish","hentry"],"_links":{"self":[{"href":"https:\/\/cs.ip-paris.fr\/wp3\/wp-json\/wp\/v2\/pages\/66","targetHints":{"allow":["GET"]}}],"collection":[{"href":"https:\/\/cs.ip-paris.fr\/wp3\/wp-json\/wp\/v2\/pages"}],"about":[{"href":"https:\/\/cs.ip-paris.fr\/wp3\/wp-json\/wp\/v2\/types\/page"}],"author":[{"embeddable":true,"href":"https:\/\/cs.ip-paris.fr\/wp3\/wp-json\/wp\/v2\/users\/1"}],"replies":[{"embeddable":true,"href":"https:\/\/cs.ip-paris.fr\/wp3\/wp-json\/wp\/v2\/comments?post=66"}],"version-history":[{"count":31,"href":"https:\/\/cs.ip-paris.fr\/wp3\/wp-json\/wp\/v2\/pages\/66\/revisions"}],"predecessor-version":[{"id":175,"href":"https:\/\/cs.ip-paris.fr\/wp3\/wp-json\/wp\/v2\/pages\/66\/revisions\/175"}],"wp:attachment":[{"href":"https:\/\/cs.ip-paris.fr\/wp3\/wp-json\/wp\/v2\/media?parent=66"}],"curies":[{"name":"wp","href":"https:\/\/api.w.org\/{rel}","templated":true}]}}