{"id":15,"date":"2022-06-29T09:49:11","date_gmt":"2022-06-29T09:49:11","guid":{"rendered":"https:\/\/cs.ip-paris.fr\/wp6\/?page_id=15"},"modified":"2022-07-08T04:59:08","modified_gmt":"2022-07-08T04:59:08","slug":"teams","status":"publish","type":"page","link":"https:\/\/cs.ip-paris.fr\/wp6\/teams\/","title":{"rendered":"Teams"},"content":{"rendered":"<table class=\"teams\">\n<tbody>\n<tr>\n<th>Acronym<\/th>\n<th>Name<\/th>\n<th>Institute<\/th>\n<th>Research topics<\/th>\n<th>Contact<\/th>\n<\/tr>\n<tr>\n<td style=\"text-align: center\"><a href=\"https:\/\/www.lix.polytechnique.fr\/alco\/\">ALCO<\/a><\/td>\n<td style=\"text-align: center\">Algorithms and Complexity<\/td>\n<td style=\"text-align: center\" align=\"center\">X<\/td>\n<td style=\"text-align: center\"><\/td>\n<td style=\"text-align: center\"><a href=\"mailto:bournez_at_lix.polytechnique.fr\"><span style=\"text-align: center;font-size: 0.9em;width: 1.4em\"><i class=\"fa fa-envelope\" aria-hidden=\"true\"><\/i><\/span><\/a><\/td>\n<\/tr>\n<tr>\n<td style=\"text-align: center\"><a href=\"https:\/\/team.inria.fr\/cedar\/\">CEDAR<\/a><\/td>\n<td style=\"text-align: center\">Rich Data Analytics at Cloud Scale<\/td>\n<td style=\"text-align: center\" align=\"center\">X<\/td>\n<td style=\"text-align: center\"><\/td>\n<td style=\"text-align: center\"><a href=\"mailto:ioana.manolescu_at_inria.fr\"><span style=\"text-align: center;font-size: 0.9em;width: 1.4em\"><i class=\"fa fa-envelope\" aria-hidden=\"true\"><\/i><\/span><\/a><\/td>\n<\/tr>\n<tr>\n<td style=\"text-align: center\"><a href=\"https:\/\/portail.polytechnique.edu\/cmap\/\">CMAP<\/a><\/td>\n<td style=\"text-align: center\">Centre de math\u00e9matiques appliqu\u00e9es<\/td>\n<td style=\"text-align: center\" align=\"center\">X<\/td>\n<td style=\"text-align: center\"><\/td>\n<td style=\"text-align: center\"><a href=\"mailto:anne.debouard_at_polytechnique.edu\"><span style=\"text-align: center;font-size: 0.9em;width: 1.4em\"><i class=\"fa fa-envelope\" aria-hidden=\"true\"><\/i><\/span><\/a><\/td>\n<\/tr>\n<tr>\n<td style=\"text-align: center\"><a href=\"http:\/\/www.lix.polytechnique.fr\/comete\/\">COMETE<\/a><\/td>\n<td style=\"text-align: center\"><\/td>\n<td style=\"text-align: center\" align=\"center\">X<\/td>\n<td style=\"text-align: center\"><\/td>\n<td style=\"text-align: center\"><a href=\"mailto:catuscia_at_lix.polytechnique.fr\"><span style=\"text-align: center;font-size: 0.9em;width: 1.4em\"><i class=\"fa fa-envelope\" aria-hidden=\"true\"><\/i><\/span><\/a><\/td>\n<\/tr>\n<tr>\n<td style=\"text-align: center\"><a href=\"http:\/\/www.lix.polytechnique.fr\/cosynus\/\">COSYNUS<\/a><\/td>\n<td style=\"text-align: center\">Cosynus<\/td>\n<td style=\"text-align: center\" align=\"center\">X<\/td>\n<td style=\"text-align: center\"><\/td>\n<td style=\"text-align: center\"> <a href=\"mailto:samuel.mimram_at_lix.polytechnique.fr\"><span style=\"text-align: center;font-size: 0.9em;width: 1.4em\"><i class=\"fa fa-envelope\" aria-hidden=\"true\"><\/i><\/span><\/a><\/td>\n<\/tr>\n<tr>\n<td style=\"text-align: center\"><a href=\"http:\/\/www.lix.polytechnique.fr\/dascim\/\">DASCIM<\/a><\/td>\n<td style=\"text-align: center\">Data Science and Mining<\/td>\n<td style=\"text-align: center\" align=\"center\">X<\/td>\n<td style=\"text-align: center\"><\/td>\n<td style=\"text-align: center\"> <a href=\"mailto:mvazirg_at_lix.polytechnique.fr\"><span style=\"text-align: center;font-size: 0.9em;width: 1.4em\"><i class=\"fa fa-envelope\" aria-hidden=\"true\"><\/i><\/span><\/a><\/td>\n<\/tr>\n<tr>\n<td style=\"text-align: center\"><a href=\"https:\/\/dice.wp.telecom-sudparis.eu\/\">DICE<\/a><\/td>\n<td style=\"text-align: center\">Data Intelligence and Communication Engineering <\/td>\n<td style=\"text-align: center\" align=\"center\">TSP<\/td>\n<td style=\"text-align: center\"><\/td>\n<td style=\"text-align: center\"> <a href=\"mailto:noel[dot] crespi [youknowthesign]institut-telecom[dot] fr\"><span style=\"text-align: center;font-size: 0.9em;width: 1.4em\"><i class=\"fa fa-envelope\" aria-hidden=\"true\"><\/i><\/span><\/a><\/td>\n<\/tr>\n<tr>\n<td style=\"text-align: center\"><a href=\"https:\/\/cs.ip-paris.fr\/diego\/\">DIEGO<\/a><\/td>\n<td style=\"text-align: center\">Data IntElliGence and knOwledge<\/td>\n<td style=\"text-align: center\" align=\"center\">TSP<\/td>\n<td style=\"text-align: center\"><\/td>\n<td style=\"text-align: center\"> <a href=\"mailto:walid.gaaloul_at_telecom-sudparis.eu\"><span style=\"text-align: center;font-size: 0.9em;width: 1.4em\"><i class=\"fa fa-envelope\" aria-hidden=\"true\"><\/i><\/span><\/a><\/td>\n<\/tr>\n<tr>\n<td style=\"text-align: center\"><a href=\"https:\/\/dig.telecom-paris.fr\/blog\/\">DIG<\/a><\/td>\n<td style=\"text-align: center\">Data, Intelligence and Graphs<\/td>\n<td style=\"text-align: center\" align=\"center\">TP<\/td>\n<td style=\"text-align: center\"><\/td>\n<td style=\"text-align: center\"> <a href=\"mailto:thomas.bonald_at_telecom-paris.fr\"><span style=\"text-align: center;font-size: 0.9em;width: 1.4em\"><i class=\"fa fa-envelope\" aria-hidden=\"true\"><\/i><\/span><\/a><\/td>\n<\/tr>\n<tr>\n<td style=\"text-align: center\"><a href=\"https:\/\/www.telecom-paris.fr\/fr\/recherche\/laboratoires\/laboratoire-traitement-et-communication-de-linformation-ltci\/les-equipes-de-recherche\/image-modelisation-analyse-geometrie-synthese-images\">IMAGES<\/a><\/td>\n<td style=\"text-align: center\">Image, Mod\u00e9lisation, Analyse, GEom\u00e9trie, Synth\u00e8se<\/td>\n<td style=\"text-align: center\" align=\"center\">TP<\/td>\n<td style=\"text-align: center\"><\/td>\n<td style=\"text-align: center\"> <a href=\"mailto:yann \u2013 dot \u2013 gousseau \u2013 at \u2013 telecom-paristech \u2013 dot \u2013 fr\"><span style=\"text-align: center;font-size: 0.9em;width: 1.4em\"><i class=\"fa fa-envelope\" aria-hidden=\"true\"><\/i><\/span><\/a><\/td>\n<\/tr>\n<tr>\n<td style=\"text-align: center\"><a href=\"https:\/\/samovar.telecom-sudparis.eu\/spip.php?rubrique201\">METHODES<\/a><\/td>\n<td style=\"text-align: center\"><\/td>\n<td style=\"text-align: center\" align=\"center\">TSP<\/td>\n<td style=\"text-align: center\"><\/td>\n<td style=\"text-align: center\"> <a href=\"mailto:tijani.chahed at telecom-sudparis.eu\"><span style=\"text-align: center;font-size: 0.9em;width: 1.4em\"><i class=\"fa fa-envelope\" aria-hidden=\"true\"><\/i><\/span><\/a><\/td>\n<\/tr>\n<tr>\n<td style=\"text-align: center\"><a href=\"https:\/\/www.telecom-paris.fr\/fr\/recherche\/laboratoires\/laboratoire-traitement-et-communication-de-linformation-ltci\/les-equipes-de-recherche\/multimedia-mm\">MULTIMEDIA<\/a><\/td>\n<td style=\"text-align: center\">MULTIMEDIA<\/td>\n<td style=\"text-align: center\" align=\"center\">TP<\/td>\n<td style=\"text-align: center\"><\/td>\n<td style=\"text-align: center\"> <a href=\"mailto:stephane.lathuiliere_at_telecom-paris.fr\"><span style=\"text-align: center;font-size: 0.9em;width: 1.4em\"><i class=\"fa fa-envelope\" aria-hidden=\"true\"><\/i><\/span><\/a><\/td>\n<\/tr>\n<tr>\n<td style=\"text-align: center\"><a href=\"https:\/\/samovar.telecom-sudparis.eu\/spip.php?rubrique129\">R3S<\/a><\/td>\n<td style=\"text-align: center\"><\/td>\n<td style=\"text-align: center\" align=\"center\">TSP<\/td>\n<td style=\"text-align: center\"><\/td>\n<td style=\"text-align: center\"> <a href=\"mailto:badii.jouaber_at_telecom-sudparis.eu\"><span style=\"text-align: center;font-size: 0.9em;width: 1.4em\"><i class=\"fa fa-envelope\" aria-hidden=\"true\"><\/i><\/span><\/a><\/td>\n<\/tr>\n<tr>\n<td style=\"text-align: center\"><a href=\"https:\/\/www.telecom-paris.fr\/fr\/recherche\/laboratoires\/laboratoire-traitement-et-communication-de-linformation-ltci\/les-equipes-de-recherche\/signal-statistique-et-apprentissage-s2a\">S2A<\/a><\/td>\n<td style=\"text-align: center\">Signal, Statistique et Apprentissage<\/td>\n<td style=\"text-align: center\" align=\"center\">TP<\/td>\n<td style=\"text-align: center\"><\/td>\n<td style=\"text-align: center\"> <a href=\"mailto:stephan.clemencon_at_telecom-paris.fr\"><span style=\"text-align: center;font-size: 0.9em;width: 1.4em\"><i class=\"fa fa-envelope\" aria-hidden=\"true\"><\/i><\/span><\/a><\/td>\n<\/tr>\n<tr>\n<td style=\"text-align: center\"><a href=\"https:\/\/samovar.telecom-sudparis.eu\/spip.php?rubrique130\">TIPIC<\/a><\/td>\n<td style=\"text-align: center\"><\/td>\n<td style=\"text-align: center\" align=\"center\">TSP<\/td>\n<td style=\"text-align: center\"><\/td>\n<td style=\"text-align: center\"> <a href=\"mailto:daniel.clark_at_telecom-sudparis.eu\"><span style=\"text-align: center;font-size: 0.9em;width: 1.4em\"><i class=\"fa fa-envelope\" aria-hidden=\"true\"><\/i><\/span><\/a><\/td>\n<\/tr>\n<tr>\n<td style=\"text-align: center\"><a href=\"http:\/\/u2is.ensta-paris.fr\">U2IS<\/a><\/td>\n<td style=\"text-align: center\">Unit\u00e9 d&#8217;Informatique et d&#8217;Ing\u00e9nierie des Syst\u00e8mes<\/td>\n<td style=\"text-align: center\" align=\"center\">ENSTA<\/td>\n<td style=\"text-align: center\"><\/td>\n<td style=\"text-align: center\"> <a href=\"mailto:diru2is_at_ensta-paris.fr\"><span style=\"text-align: center;font-size: 0.9em;width: 1.4em\"><i class=\"fa fa-envelope\" aria-hidden=\"true\"><\/i><\/span><\/a><\/td>\n<\/tr>\n<\/tbody>\n<\/table>\n","protected":false},"excerpt":{"rendered":"<p>Acronym Name Institute Research topics Contact ALCO Algorithms and Complexity X CEDAR Rich Data Analytics at Cloud Scale X CMAP Centre de math\u00e9matiques appliqu\u00e9es X COMETE X COSYNUS Cosynus X DASCIM Data Science and Mining X DICE Data Intelligence and Communication Engineering TSP DIEGO Data IntElliGence and knOwledge TSP DIG Data, Intelligence and Graphs TP [&hellip;]<\/p>\n","protected":false},"author":105,"featured_media":0,"parent":0,"menu_order":0,"comment_status":"closed","ping_status":"closed","template":"","meta":{"footnotes":""},"class_list":["post-15","page","type-page","status-publish","hentry"],"_links":{"self":[{"href":"https:\/\/cs.ip-paris.fr\/wp6\/wp-json\/wp\/v2\/pages\/15","targetHints":{"allow":["GET"]}}],"collection":[{"href":"https:\/\/cs.ip-paris.fr\/wp6\/wp-json\/wp\/v2\/pages"}],"about":[{"href":"https:\/\/cs.ip-paris.fr\/wp6\/wp-json\/wp\/v2\/types\/page"}],"author":[{"embeddable":true,"href":"https:\/\/cs.ip-paris.fr\/wp6\/wp-json\/wp\/v2\/users\/105"}],"replies":[{"embeddable":true,"href":"https:\/\/cs.ip-paris.fr\/wp6\/wp-json\/wp\/v2\/comments?post=15"}],"version-history":[{"count":15,"href":"https:\/\/cs.ip-paris.fr\/wp6\/wp-json\/wp\/v2\/pages\/15\/revisions"}],"predecessor-version":[{"id":66,"href":"https:\/\/cs.ip-paris.fr\/wp6\/wp-json\/wp\/v2\/pages\/15\/revisions\/66"}],"wp:attachment":[{"href":"https:\/\/cs.ip-paris.fr\/wp6\/wp-json\/wp\/v2\/media?parent=15"}],"curies":[{"name":"wp","href":"https:\/\/api.w.org\/{rel}","templated":true}]}}